{"id":188,"date":"2022-06-30T15:25:01","date_gmt":"2022-06-30T13:25:01","guid":{"rendered":"http:\/\/www.sebcharlier.com\/?page_id=188"},"modified":"2026-02-08T12:16:42","modified_gmt":"2026-02-08T11:16:42","slug":"videos","status":"publish","type":"page","link":"http:\/\/www.sebcharlier.com\/?page_id=188","title":{"rendered":"Videos"},"content":{"rendered":"\n<p>Voici quelques videos issues de la p\u00e9riode confin\u00e9e (ou plus r\u00e9centes) post\u00e9es sur Facebook, Insta et Youtube (versions non encod\u00e9es par Meta qui g\u00e9n\u00e8re souvent de l\u00e9gers d\u00e9calages entre le son et l&rsquo;image) :<\/p>\n\n\n\n<div class=\"wp-block-media-text is-stacked-on-mobile\" style=\"grid-template-columns:57% auto\"><figure class=\"wp-block-media-text__media\"><video controls src=\"http:\/\/www.sebcharlier.com\/wp-content\/uploads\/2025\/10\/Roxanne.mp4\"><\/video><\/figure><div class=\"wp-block-media-text__content\">\n<blockquote class=\"wp-block-quote is-layout-flow wp-block-quote-is-layout-flow\">\n<p>Roxanne cover<\/p>\n\n\n\n<p style=\"font-size:17px\"><em><strong>sur les traces de Brandford Marsalis, Harmonica en Sib<\/strong><\/em><\/p>\n<\/blockquote>\n<\/div><\/div>\n\n\n\n<div class=\"wp-block-media-text alignwide is-stacked-on-mobile\" style=\"grid-template-columns:57% auto\"><figure class=\"wp-block-media-text__media\"><video controls src=\"http:\/\/www.sebcharlier.com\/wp-content\/uploads\/2022\/06\/Some-Brecker.mp4\"><\/video><\/figure><div class=\"wp-block-media-text__content\">\n<blockquote class=\"wp-block-quote has-medium-font-size is-layout-flow wp-block-quote-is-layout-flow\">\n<p>Some Skunk Funk cover<\/p>\n<cite>30s du solo culte de Michael Brecker, Harmonica en Ab<\/cite><\/blockquote>\n<\/div><\/div>\n\n\n\n<div class=\"wp-block-media-text alignwide is-stacked-on-mobile\" style=\"grid-template-columns:57% auto\"><figure class=\"wp-block-media-text__media\"><video controls src=\"http:\/\/www.sebcharlier.com\/wp-content\/uploads\/2022\/07\/Some-Skunk-Funk-son-clair.mp4\"><\/video><\/figure><div class=\"wp-block-media-text__content\">\n<blockquote class=\"wp-block-quote has-medium-font-size is-layout-flow wp-block-quote-is-layout-flow\">\n<p>Some Skunk Funk <\/p>\n\n\n\n<p>son clair<\/p>\n<cite>Harmonica en Ab<\/cite><\/blockquote>\n<\/div><\/div>\n\n\n\n<div class=\"wp-block-media-text alignwide is-stacked-on-mobile\" style=\"grid-template-columns:57% auto\"><figure class=\"wp-block-media-text__media\"><video controls src=\"http:\/\/www.sebcharlier.com\/wp-content\/uploads\/2022\/07\/classic_x264.m4v\"><\/video><\/figure><div class=\"wp-block-media-text__content\">\n<blockquote class=\"wp-block-quote has-medium-font-size is-layout-flow wp-block-quote-is-layout-flow\">\n<p>Travailler son Bach<\/p>\n<cite>Harmonica en C<\/cite><\/blockquote>\n<\/div><\/div>\n\n\n\n<div class=\"wp-block-media-text alignwide is-stacked-on-mobile\" style=\"grid-template-columns:57% auto\"><figure class=\"wp-block-media-text__media\"><video controls src=\"http:\/\/www.sebcharlier.com\/wp-content\/uploads\/2022\/07\/Do-Maj.mp4\"><\/video><\/figure><div class=\"wp-block-media-text__content\">\n<blockquote class=\"wp-block-quote has-medium-font-size is-layout-flow wp-block-quote-is-layout-flow\">\n<p>Travail des sixtes<\/p>\n<cite>Harmonica en C<\/cite><\/blockquote>\n<\/div><\/div>\n\n\n\n<div class=\"wp-block-media-text alignwide is-stacked-on-mobile\" style=\"grid-template-columns:57% auto\"><figure class=\"wp-block-media-text__media\"><video controls src=\"http:\/\/www.sebcharlier.com\/wp-content\/uploads\/2022\/07\/Travail-m7_x264.m4v\"><\/video><\/figure><div class=\"wp-block-media-text__content\">\n<blockquote class=\"wp-block-quote has-medium-font-size is-layout-flow wp-block-quote-is-layout-flow\">\n<p>Travail Bebop mineur<\/p>\n<cite>Harmonica en C<\/cite><\/blockquote>\n<\/div><\/div>\n\n\n\n<div class=\"wp-block-media-text alignwide is-stacked-on-mobile\" style=\"grid-template-columns:57% auto\"><figure class=\"wp-block-media-text__media\"><video controls src=\"http:\/\/www.sebcharlier.com\/wp-content\/uploads\/2022\/06\/Rocks-Seb_x264.m4v\"><\/video><\/figure><div class=\"wp-block-media-text__content\">\n<blockquote class=\"wp-block-quote has-medium-font-size is-layout-flow wp-block-quote-is-layout-flow\">\n<p><strong>Rocks cover<\/strong><\/p>\n<cite><em>Premier cycle de F. Gambale sur le titre de R. Brecker, Harmonica en Db<\/em><\/cite><\/blockquote>\n<\/div><\/div>\n\n\n\n<div class=\"wp-block-media-text alignwide is-stacked-on-mobile\" style=\"grid-template-columns:57% auto\"><figure class=\"wp-block-media-text__media\"><video controls src=\"http:\/\/www.sebcharlier.com\/wp-content\/uploads\/2022\/06\/Quartes.mp4\"><\/video><\/figure><div class=\"wp-block-media-text__content\">\n<div class=\"wp-block-columns is-layout-flex wp-container-core-columns-is-layout-9d6595d7 wp-block-columns-is-layout-flex\">\n<div class=\"wp-block-column is-layout-flow wp-block-column-is-layout-flow\" style=\"flex-basis:100%\">\n<blockquote class=\"wp-block-quote has-medium-font-size is-layout-flow wp-block-quote-is-layout-flow\">\n<p><strong>Travail des quartes<\/strong><\/p>\n<cite>Harmonica en C<\/cite><\/blockquote>\n<\/div>\n<\/div>\n<\/div><\/div>\n\n\n\n<div class=\"wp-block-media-text alignwide is-stacked-on-mobile\" style=\"grid-template-columns:57% auto\"><figure class=\"wp-block-media-text__media\"><video controls src=\"http:\/\/www.sebcharlier.com\/wp-content\/uploads\/2022\/06\/Billies-Bounce-V4.mp4\"><\/video><\/figure><div class=\"wp-block-media-text__content\">\n<blockquote class=\"wp-block-quote has-text-align-left has-medium-font-size is-layout-flow wp-block-quote-is-layout-flow\">\n<p>Billie&rsquo;s Bounce <\/p>\n<cite>Avec Yannick Robert, <br>Harmonica en Bb<\/cite><\/blockquote>\n<\/div><\/div>\n\n\n\n<div class=\"wp-block-media-text alignwide is-stacked-on-mobile\" style=\"grid-template-columns:57% auto\"><figure class=\"wp-block-media-text__media\"><video controls src=\"http:\/\/www.sebcharlier.com\/wp-content\/uploads\/2020\/08\/GSteps-Seb-1.mp4\"><\/video><\/figure><div class=\"wp-block-media-text__content\">\n<blockquote class=\"wp-block-quote has-medium-font-size is-layout-flow wp-block-quote-is-layout-flow\">\n<p>Giant Steps<\/p>\n<cite>2 cycles de \u00ab\u00a0Coltrane changes\u00a0\u00bb, Harmonica en C<\/cite><\/blockquote>\n<\/div><\/div>\n\n\n\n<div class=\"wp-block-media-text alignwide is-stacked-on-mobile\" style=\"grid-template-columns:57% auto\"><figure class=\"wp-block-media-text__media\"><video controls src=\"http:\/\/www.sebcharlier.com\/wp-content\/uploads\/2020\/08\/spokes-challenge-n1-sebastien-charlier-HD.mp4\"><\/video><\/figure><div class=\"wp-block-media-text__content\">\n<blockquote class=\"wp-block-quote has-medium-font-size is-layout-flow wp-block-quote-is-layout-flow\">\n<p>Spokes<\/p>\n<cite>Impro sur le titre d&rsquo;Allan Holdsworth, Harmonica en C<\/cite><\/blockquote>\n<\/div><\/div>\n\n\n\n<figure class=\"wp-block-embed is-type-video is-provider-youtube wp-block-embed-youtube wp-embed-aspect-16-9 wp-has-aspect-ratio\"><div class=\"wp-block-embed__wrapper\">\n<iframe loading=\"lazy\" title=\"Allan Holdsworth cover on a diatonic harmonica, by Sebastien Charlier\" width=\"660\" height=\"371\" src=\"https:\/\/www.youtube.com\/embed\/CCOUHc7fMUI?feature=oembed\" frameborder=\"0\" allow=\"accelerometer; autoplay; clipboard-write; encrypted-media; gyroscope; picture-in-picture; web-share\" referrerpolicy=\"strict-origin-when-cross-origin\" allowfullscreen><\/iframe>\n<\/div><\/figure>\n\n\n\n<p style=\"font-size:13px\">1\u00e8re minute du solo d&rsquo;Allan Holdsworth sur le <strong>Rocks<\/strong> de Randy Brecker<\/p>\n\n\n\n<figure class=\"wp-block-embed is-type-video is-provider-youtube wp-block-embed-youtube wp-embed-aspect-16-9 wp-has-aspect-ratio\"><div class=\"wp-block-embed__wrapper\">\n<iframe loading=\"lazy\" title=\"POWER FUNK SOUL by SERGE BRINGOLF feat. SEBASTIEN CHARLIER\" width=\"660\" height=\"371\" src=\"https:\/\/www.youtube.com\/embed\/dx-0NYe8h0g?feature=oembed\" frameborder=\"0\" allow=\"accelerometer; autoplay; clipboard-write; encrypted-media; gyroscope; picture-in-picture; web-share\" referrerpolicy=\"strict-origin-when-cross-origin\" allowfullscreen><\/iframe>\n<\/div><\/figure>\n\n\n\n<p class=\"has-small-font-size\">Du Power Funk en duo avec \u00ab\u00a0le batteur fou\u00a0\u00bb Serge Bringolf !<\/p>\n\n\n\n<figure class=\"wp-block-embed is-type-video is-provider-youtube wp-block-embed-youtube wp-embed-aspect-16-9 wp-has-aspect-ratio\"><div class=\"wp-block-embed__wrapper\">\n<iframe loading=\"lazy\" title=\"PASSERELLE GENERATIONELLE. SERGE BRINGOLF \/ MIKE BELLENGER \/ SEBASTIEN CHARLIER \/ NICOLAS ESPINASSE\" width=\"660\" height=\"371\" src=\"https:\/\/www.youtube.com\/embed\/EXUoOJRJtAM?feature=oembed\" frameborder=\"0\" allow=\"accelerometer; autoplay; clipboard-write; encrypted-media; gyroscope; picture-in-picture; web-share\" referrerpolicy=\"strict-origin-when-cross-origin\" allowfullscreen><\/iframe>\n<\/div><\/figure>\n\n\n\n<p class=\"has-text-align-center has-small-font-size\">BRINGOLF \/ ESPINASSE \/ BELLENGER \/ CHARLIER<\/p>\n\n\n\n<figure class=\"wp-block-embed is-type-video is-provider-youtube wp-block-embed-youtube wp-embed-aspect-16-9 wp-has-aspect-ratio\"><div class=\"wp-block-embed__wrapper\">\n<iframe loading=\"lazy\" title=\"Alain Caron cover on a diatonic harmonica, by Sebastien Charlier\" width=\"660\" height=\"371\" src=\"https:\/\/www.youtube.com\/embed\/gBChNI1iNYg?feature=oembed\" frameborder=\"0\" allow=\"accelerometer; autoplay; clipboard-write; encrypted-media; gyroscope; picture-in-picture; web-share\" referrerpolicy=\"strict-origin-when-cross-origin\" allowfullscreen><\/iframe>\n<\/div><\/figure>\n\n\n\n<p class=\"has-small-font-size\">1\u00e8re minute du solo de fretless de ma\u00eetre Alain Caron sur <strong>I believe it<\/strong> (UZEB, album Noisy Nights)<\/p>\n\n\n\n<figure class=\"wp-block-embed is-type-video is-provider-youtube wp-block-embed-youtube wp-embed-aspect-16-9 wp-has-aspect-ratio\"><div class=\"wp-block-embed__wrapper\">\n<iframe loading=\"lazy\" title=\"Practicing minor triads on a ARKIA Signature in C\" width=\"660\" height=\"371\" src=\"https:\/\/www.youtube.com\/embed\/IM3PMsUAqVE?feature=oembed\" frameborder=\"0\" allow=\"accelerometer; autoplay; clipboard-write; encrypted-media; gyroscope; picture-in-picture; web-share\" referrerpolicy=\"strict-origin-when-cross-origin\" allowfullscreen><\/iframe>\n<\/div><\/figure>\n\n\n\n<p class=\"has-small-font-size\">Pratiquer des triades mineures paires (Gm + Am) sur une grille qui monte d&rsquo;un demi-ton<\/p>\n\n\n\n<figure class=\"wp-block-embed is-type-video is-provider-youtube wp-block-embed-youtube wp-embed-aspect-16-9 wp-has-aspect-ratio\"><div class=\"wp-block-embed__wrapper\">\n<iframe loading=\"lazy\" title=\"Amungem\" width=\"660\" height=\"371\" src=\"https:\/\/www.youtube.com\/embed\/u2qeUv-YAns?feature=oembed\" frameborder=\"0\" allow=\"accelerometer; autoplay; clipboard-write; encrypted-media; gyroscope; picture-in-picture; web-share\" referrerpolicy=\"strict-origin-when-cross-origin\" allowfullscreen><\/iframe>\n<\/div><figcaption class=\"wp-element-caption\">Clip r\u00e9alis\u00e9 par Florian Guibert pour l&rsquo;album <strong>La Coccinelle G\u00e9ante<\/strong> (avec Olivier Demontrond et l&rsquo;\u00e9quipe Too Much Processing)<\/figcaption><\/figure>\n\n\n\n<figure class=\"wp-block-embed is-type-video is-provider-youtube wp-block-embed-youtube wp-embed-aspect-16-9 wp-has-aspect-ratio\"><div class=\"wp-block-embed__wrapper\">\n<iframe loading=\"lazy\" title=\"J&#039;ai pu d&#039;\u00e9nergie \/ clip\" width=\"660\" height=\"371\" src=\"https:\/\/www.youtube.com\/embed\/FZxSRPg_Iz0?feature=oembed\" frameborder=\"0\" allow=\"accelerometer; autoplay; clipboard-write; encrypted-media; gyroscope; picture-in-picture; web-share\" referrerpolicy=\"strict-origin-when-cross-origin\" allowfullscreen><\/iframe>\n<\/div><figcaption class=\"wp-element-caption\">Clip extrait de l&rsquo;album <strong>La Coccinelle G\u00e9ante<\/strong> de Too Much Processing, images r\u00e9alis\u00e9es par J\u00e9r\u00e9mie Sahuc<\/figcaption><\/figure>\n\n\n\n<div class=\"wp-block-group\"><div class=\"wp-block-group__inner-container is-layout-flow wp-block-group-is-layout-flow\">\n<figure class=\"wp-block-embed is-type-video is-provider-youtube wp-block-embed-youtube wp-embed-aspect-16-9 wp-has-aspect-ratio\"><div class=\"wp-block-embed__wrapper\">\n<iframe loading=\"lazy\" title=\"Space Female Love \/ clip\" width=\"660\" height=\"371\" src=\"https:\/\/www.youtube.com\/embed\/xmj3m5s2OGI?feature=oembed\" frameborder=\"0\" allow=\"accelerometer; autoplay; clipboard-write; encrypted-media; gyroscope; picture-in-picture; web-share\" referrerpolicy=\"strict-origin-when-cross-origin\" allowfullscreen><\/iframe>\n<\/div><figcaption class=\"wp-element-caption\">Clip r\u00e9alis\u00e9 par Vincent Bourgin pour l&rsquo;album <strong>La Coccinelle G\u00e9ante<\/strong> (avec Olivier Demontrond et l&rsquo;\u00e9quipe Too Much Processing)<\/figcaption><\/figure>\n<\/div><\/div>\n\n\n\n<figure class=\"wp-block-embed is-type-video is-provider-youtube wp-block-embed-youtube wp-embed-aspect-16-9 wp-has-aspect-ratio\"><div class=\"wp-block-embed__wrapper\">\n<iframe loading=\"lazy\" title=\"R\u00e9mi Toulon 5tet \/ The Crave LIVE\" width=\"660\" height=\"371\" src=\"https:\/\/www.youtube.com\/embed\/zwZOqr8dSjA?feature=oembed\" frameborder=\"0\" allow=\"accelerometer; autoplay; clipboard-write; encrypted-media; gyroscope; picture-in-picture; web-share\" referrerpolicy=\"strict-origin-when-cross-origin\" allowfullscreen><\/iframe>\n<\/div><figcaption class=\"wp-element-caption\">R\u00e9mi Toulon 5tet \u00ab\u00a0The Crave\u00a0\u00bb live au Studio de l&rsquo;Ermitage avec S\u00e9bastien Charlier, Jean-Luc Arramy, Z\u00e9 Luis Nascimento et Vincent Frade<\/figcaption><\/figure>\n\n\n\n<figure class=\"wp-block-embed is-type-video is-provider-youtube wp-block-embed-youtube aligncenter wp-embed-aspect-16-9 wp-has-aspect-ratio\"><div class=\"wp-block-embed__wrapper\">\n<iframe loading=\"lazy\" title=\"R\u00e9mi Toulon 5tet Human Nature (live)\" width=\"660\" height=\"371\" src=\"https:\/\/www.youtube.com\/embed\/oExQYoxvP34?feature=oembed\" frameborder=\"0\" allow=\"accelerometer; autoplay; clipboard-write; encrypted-media; gyroscope; picture-in-picture; web-share\" referrerpolicy=\"strict-origin-when-cross-origin\" allowfullscreen><\/iframe>\n<\/div><figcaption class=\"wp-element-caption\">R\u00e9mi Toulon 5tet \u00ab\u00a0The Crave\u00a0\u00bb live au Studio de l&rsquo;Ermitage <\/figcaption><\/figure>\n\n\n\n<figure class=\"wp-block-embed is-type-video is-provider-youtube wp-block-embed-youtube wp-embed-aspect-16-9 wp-has-aspect-ratio\"><div class=\"wp-block-embed__wrapper\">\n<iframe loading=\"lazy\" title=\"Yvan Knorst &amp; S\u00e9bastien Charlier\" width=\"660\" height=\"371\" src=\"https:\/\/www.youtube.com\/embed\/_FxV-GFpcd0?feature=oembed\" frameborder=\"0\" allow=\"accelerometer; autoplay; clipboard-write; encrypted-media; gyroscope; picture-in-picture; web-share\" referrerpolicy=\"strict-origin-when-cross-origin\" allowfullscreen><\/iframe>\n<\/div><figcaption class=\"wp-element-caption\">YVAN KNORST \/ S. CHARLIER<\/figcaption><\/figure>\n\n\n\n<p class=\"has-medium-font-size\"><\/p>\n\n\n\n<figure class=\"wp-block-embed is-type-video is-provider-youtube wp-block-embed-youtube wp-embed-aspect-16-9 wp-has-aspect-ratio\"><div class=\"wp-block-embed__wrapper\">\n<iframe loading=\"lazy\" title=\"&quot; WEST SIDE &quot;\" width=\"660\" height=\"371\" src=\"https:\/\/www.youtube.com\/embed\/QQQE-SuJmf8?feature=oembed\" frameborder=\"0\" allow=\"accelerometer; autoplay; clipboard-write; encrypted-media; gyroscope; picture-in-picture; web-share\" referrerpolicy=\"strict-origin-when-cross-origin\" allowfullscreen><\/iframe>\n<\/div><figcaption class=\"wp-element-caption\">C. VIOLLAND &amp; FRIENDS<\/figcaption><\/figure>\n\n\n\n<figure class=\"wp-block-embed is-type-video is-provider-youtube wp-block-embed-youtube wp-embed-aspect-16-9 wp-has-aspect-ratio\"><div class=\"wp-block-embed__wrapper\">\n<iframe loading=\"lazy\" title=\"LA MARSEILLAISE 6th Version  (New Orleans)\" width=\"660\" height=\"371\" src=\"https:\/\/www.youtube.com\/embed\/twISnQtf-P8?feature=oembed\" frameborder=\"0\" allow=\"accelerometer; autoplay; clipboard-write; encrypted-media; gyroscope; picture-in-picture; web-share\" referrerpolicy=\"strict-origin-when-cross-origin\" allowfullscreen><\/iframe>\n<\/div><figcaption class=\"wp-element-caption\">C. VIOLLAND &amp; FRIENDS<\/figcaption><\/figure>\n\n\n\n<figure class=\"wp-block-embed is-type-video is-provider-youtube wp-block-embed-youtube wp-embed-aspect-16-9 wp-has-aspect-ratio\"><div class=\"wp-block-embed__wrapper\">\n<iframe loading=\"lazy\" title=\"&quot; A WALTZ FOR G. &quot; - 1st Version (for 5 saxophones)\" width=\"660\" height=\"371\" src=\"https:\/\/www.youtube.com\/embed\/Y0CATMArpzg?feature=oembed\" frameborder=\"0\" allow=\"accelerometer; autoplay; clipboard-write; encrypted-media; gyroscope; picture-in-picture; web-share\" referrerpolicy=\"strict-origin-when-cross-origin\" allowfullscreen><\/iframe>\n<\/div><figcaption class=\"wp-element-caption\">C. VIOLLAND \/ S. MAINGAUD \/ S. CHARLIER<\/figcaption><\/figure>\n\n\n\n<figure class=\"wp-block-embed is-type-video is-provider-youtube wp-block-embed-youtube wp-embed-aspect-16-9 wp-has-aspect-ratio\"><div class=\"wp-block-embed__wrapper\">\n<iframe loading=\"lazy\" title=\"SERGE BRINGOLF Feat. SEBASTIEN CHARLIER &amp; FRANCIS BOURREC \/ POWER FULL FUNK SPIRIT\" width=\"660\" height=\"371\" src=\"https:\/\/www.youtube.com\/embed\/Er3Vbshy1VA?feature=oembed\" frameborder=\"0\" allow=\"accelerometer; autoplay; clipboard-write; encrypted-media; gyroscope; picture-in-picture; web-share\" referrerpolicy=\"strict-origin-when-cross-origin\" allowfullscreen><\/iframe>\n<\/div><figcaption class=\"wp-element-caption\">SERGE BRINGOLF Feat. SEBASTIEN CHARLIER &amp; FRANCIS BOURREC<\/figcaption><\/figure>\n\n\n\n<figure class=\"wp-block-embed is-type-video is-provider-youtube wp-block-embed-youtube aligncenter wp-embed-aspect-16-9 wp-has-aspect-ratio\"><div class=\"wp-block-embed__wrapper\">\n<iframe loading=\"lazy\" title=\"THE SEVENTH SAMOURA\u00cf \/ BRINGOLF \/ CHARLIER \/ ESPINASSE\" width=\"660\" height=\"371\" src=\"https:\/\/www.youtube.com\/embed\/eMTwVDUaKF4?feature=oembed\" frameborder=\"0\" allow=\"accelerometer; autoplay; clipboard-write; encrypted-media; gyroscope; picture-in-picture; web-share\" referrerpolicy=\"strict-origin-when-cross-origin\" allowfullscreen><\/iframe>\n<\/div><figcaption class=\"wp-element-caption\">S. BRINGOLF \/ N. ESPINASSE \/ S. CHARLIER<\/figcaption><\/figure>\n\n\n\n<figure class=\"wp-block-embed is-type-video is-provider-youtube wp-block-embed-youtube wp-embed-aspect-16-9 wp-has-aspect-ratio\"><div class=\"wp-block-embed__wrapper\">\n<iframe loading=\"lazy\" title=\"CITY NIGHTS Free improvisations (harmonica \/ guitar over backing-track)\" width=\"660\" height=\"371\" src=\"https:\/\/www.youtube.com\/embed\/BkRwonT1Xeo?feature=oembed\" frameborder=\"0\" allow=\"accelerometer; autoplay; clipboard-write; encrypted-media; gyroscope; picture-in-picture; web-share\" referrerpolicy=\"strict-origin-when-cross-origin\" allowfullscreen><\/iframe>\n<\/div><figcaption class=\"wp-element-caption\">ESPINASSE \/ CHARLIER<\/figcaption><\/figure>\n\n\n\n<figure class=\"wp-block-embed is-type-video is-provider-youtube wp-block-embed-youtube aligncenter wp-embed-aspect-16-9 wp-has-aspect-ratio\"><div class=\"wp-block-embed__wrapper\">\n<iframe loading=\"lazy\" title=\"NERVE ENDING \/ BRINGOLF \/ ESPINASSE \/ CHARLIER \/ GOBINET\" width=\"660\" height=\"371\" src=\"https:\/\/www.youtube.com\/embed\/mV21XxY76S0?feature=oembed\" frameborder=\"0\" allow=\"accelerometer; autoplay; clipboard-write; encrypted-media; gyroscope; picture-in-picture; web-share\" referrerpolicy=\"strict-origin-when-cross-origin\" allowfullscreen><\/iframe>\n<\/div><figcaption class=\"wp-element-caption\">BRINGOLF \/ ESPINASSE \/ CHARLIER \/ GOBINET<\/figcaption><\/figure>\n\n\n\n<figure class=\"wp-block-embed is-type-video is-provider-youtube wp-block-embed-youtube aligncenter wp-embed-aspect-16-9 wp-has-aspect-ratio\"><div class=\"wp-block-embed__wrapper\">\n<iframe loading=\"lazy\" title=\"PROTO-COSMOS \/ SERGE BRINGOLF \/ SEBASTIEN CHARLIER \/ NICOLAS ESPINASSE\" width=\"660\" height=\"371\" src=\"https:\/\/www.youtube.com\/embed\/IPTxqj90R7I?feature=oembed\" frameborder=\"0\" allow=\"accelerometer; autoplay; clipboard-write; encrypted-media; gyroscope; picture-in-picture; web-share\" referrerpolicy=\"strict-origin-when-cross-origin\" allowfullscreen><\/iframe>\n<\/div><figcaption class=\"wp-element-caption\">&nbsp;SERGE BRINGOLF \/ SEBASTIEN CHARLIER \/ NICOLAS ESPINASSE<\/figcaption><\/figure>\n\n\n\n<figure class=\"wp-block-embed is-type-video is-provider-youtube wp-block-embed-youtube wp-embed-aspect-16-9 wp-has-aspect-ratio\"><div class=\"wp-block-embed__wrapper\">\n<iframe loading=\"lazy\" title=\"DIDIER LOCKWOOD TRIBUTE - FAST TRAVEL - COVER 2020\" width=\"660\" height=\"371\" src=\"https:\/\/www.youtube.com\/embed\/g9B_nqDfedM?feature=oembed\" frameborder=\"0\" allow=\"accelerometer; autoplay; clipboard-write; encrypted-media; gyroscope; picture-in-picture; web-share\" referrerpolicy=\"strict-origin-when-cross-origin\" allowfullscreen><\/iframe>\n<\/div><figcaption class=\"wp-element-caption\">ESPINASSE \/ CHARLIER<\/figcaption><\/figure>\n\n\n\n<figure class=\"wp-block-embed is-type-video is-provider-youtube wp-block-embed-youtube aligncenter wp-embed-aspect-16-9 wp-has-aspect-ratio\"><div class=\"wp-block-embed__wrapper\">\n<iframe loading=\"lazy\" title=\"EMERGENCE \/ BOIVIN \/  CHARLIER \/ BELLENGER \/ BRINGOLF\" width=\"660\" height=\"371\" src=\"https:\/\/www.youtube.com\/embed\/edwCZPWz-Ws?feature=oembed\" frameborder=\"0\" allow=\"accelerometer; autoplay; clipboard-write; encrypted-media; gyroscope; picture-in-picture; web-share\" referrerpolicy=\"strict-origin-when-cross-origin\" allowfullscreen><\/iframe>\n<\/div><figcaption class=\"wp-element-caption\">BOIVIN \/ CHARLIER \/ BELLENGER \/ BRINGOLF<\/figcaption><\/figure>\n\n\n\n<figure class=\"wp-block-embed is-type-video is-provider-youtube wp-block-embed-youtube aligncenter wp-embed-aspect-16-9 wp-has-aspect-ratio\"><div class=\"wp-block-embed__wrapper\">\n<iframe loading=\"lazy\" title=\"SPLATCH &quot;Miles&quot; S.BRINGOLF \/ M.BELLENGER \/ S.CHARLIER \/ O.CONTAT\" width=\"660\" height=\"371\" src=\"https:\/\/www.youtube.com\/embed\/5-Sa-x7zjU8?feature=oembed\" frameborder=\"0\" allow=\"accelerometer; autoplay; clipboard-write; encrypted-media; gyroscope; picture-in-picture; web-share\" referrerpolicy=\"strict-origin-when-cross-origin\" allowfullscreen><\/iframe>\n<\/div><figcaption class=\"wp-element-caption\">S.BRINGOLF \/ M.BELLENGER \/ S.CHARLIER \/ O.CONTAT<\/figcaption><\/figure>\n\n\n\n<figure class=\"wp-block-embed is-type-video is-provider-youtube wp-block-embed-youtube aligncenter wp-embed-aspect-16-9 wp-has-aspect-ratio\"><div class=\"wp-block-embed__wrapper\">\n<iframe loading=\"lazy\" title=\"CHICKEN \/ SERGE BRINGOLF \/ MIKE BELLENGER \/ SEBASTIEN CHARLIER \/ NICO MORELLI \/ OLIVIER CONTAT\" width=\"660\" height=\"371\" src=\"https:\/\/www.youtube.com\/embed\/JLSHvCZcly4?feature=oembed\" frameborder=\"0\" allow=\"accelerometer; autoplay; clipboard-write; encrypted-media; gyroscope; picture-in-picture; web-share\" referrerpolicy=\"strict-origin-when-cross-origin\" allowfullscreen><\/iframe>\n<\/div><figcaption class=\"wp-element-caption\">SERGE BRINGOLF \/ MIKE BELLENGER \/ SEBASTIEN CHARLIER \/ NICO MORELLI \/ OLIVIER CONTAT<\/figcaption><\/figure>\n\n\n\n<figure class=\"wp-block-embed is-type-video is-provider-youtube wp-block-embed-youtube aligncenter wp-embed-aspect-16-9 wp-has-aspect-ratio\"><div class=\"wp-block-embed__wrapper\">\n<iframe loading=\"lazy\" title=\"TELL HER YOU SAW ME (PAT METHENY) - YANNICK ROBERT\/VAL\u00c9RIE GRASCHAIRE\/S\u00c9BASTIEN CHARLIER\" width=\"660\" height=\"371\" src=\"https:\/\/www.youtube.com\/embed\/-CqnnDycaF4?feature=oembed\" frameborder=\"0\" allow=\"accelerometer; autoplay; clipboard-write; encrypted-media; gyroscope; picture-in-picture; web-share\" referrerpolicy=\"strict-origin-when-cross-origin\" allowfullscreen><\/iframe>\n<\/div><figcaption class=\"wp-element-caption\">YANNICK ROBERT\/VAL\u00c9RIE GRASCHAIRE\/S\u00c9BASTIEN CHARLIER<\/figcaption><\/figure>\n\n\n\n<figure class=\"wp-block-embed aligncenter is-type-video is-provider-youtube wp-block-embed-youtube wp-embed-aspect-16-9 wp-has-aspect-ratio\"><div class=\"wp-block-embed__wrapper\">\n<iframe loading=\"lazy\" title=\"Cover Sixteen Men of Tain (Allan Holdsworth), S\u00e9bastien Charlier, diatonic harmonica\" width=\"660\" height=\"371\" src=\"https:\/\/www.youtube.com\/embed\/5L71pPrjYy4?feature=oembed\" frameborder=\"0\" allow=\"accelerometer; autoplay; clipboard-write; encrypted-media; gyroscope; picture-in-picture; web-share\" referrerpolicy=\"strict-origin-when-cross-origin\" allowfullscreen><\/iframe>\n<\/div><\/figure>\n\n\n\n<figure class=\"wp-block-embed aligncenter is-type-video is-provider-youtube wp-block-embed-youtube wp-embed-aspect-16-9 wp-has-aspect-ratio\"><div class=\"wp-block-embed__wrapper\">\n<iframe loading=\"lazy\" title=\"Sebastien Charlier at work ... a Allan Holdsworth cover on harmonica\" width=\"660\" height=\"371\" src=\"https:\/\/www.youtube.com\/embed\/gJYZt2gy8WI?feature=oembed\" frameborder=\"0\" allow=\"accelerometer; autoplay; clipboard-write; encrypted-media; gyroscope; picture-in-picture; web-share\" referrerpolicy=\"strict-origin-when-cross-origin\" allowfullscreen><\/iframe>\n<\/div><\/figure>\n","protected":false},"excerpt":{"rendered":"<p>Voici quelques videos issues de la p\u00e9riode confin\u00e9e (ou plus r\u00e9centes) post\u00e9es sur Facebook, Insta et Youtube (versions non encod\u00e9es par Meta qui g\u00e9n\u00e8re souvent de l\u00e9gers d\u00e9calages entre le son et l&rsquo;image) : 1\u00e8re minute du solo d&rsquo;Allan Holdsworth sur le Rocks de Randy Brecker Du Power Funk en duo avec \u00ab\u00a0le batteur fou\u00a0\u00bb &hellip; <a href=\"http:\/\/www.sebcharlier.com\/?page_id=188\" class=\"more-link\">Continuer la lecture de <span class=\"screen-reader-text\">Videos<\/span><\/a><\/p>\n","protected":false},"author":1,"featured_media":0,"parent":0,"menu_order":0,"comment_status":"closed","ping_status":"closed","template":"","meta":{"footnotes":""},"class_list":["post-188","page","type-page","status-publish","hentry"],"_links":{"self":[{"href":"http:\/\/www.sebcharlier.com\/index.php?rest_route=\/wp\/v2\/pages\/188","targetHints":{"allow":["GET"]}}],"collection":[{"href":"http:\/\/www.sebcharlier.com\/index.php?rest_route=\/wp\/v2\/pages"}],"about":[{"href":"http:\/\/www.sebcharlier.com\/index.php?rest_route=\/wp\/v2\/types\/page"}],"author":[{"embeddable":true,"href":"http:\/\/www.sebcharlier.com\/index.php?rest_route=\/wp\/v2\/users\/1"}],"replies":[{"embeddable":true,"href":"http:\/\/www.sebcharlier.com\/index.php?rest_route=%2Fwp%2Fv2%2Fcomments&post=188"}],"version-history":[{"count":54,"href":"http:\/\/www.sebcharlier.com\/index.php?rest_route=\/wp\/v2\/pages\/188\/revisions"}],"predecessor-version":[{"id":366,"href":"http:\/\/www.sebcharlier.com\/index.php?rest_route=\/wp\/v2\/pages\/188\/revisions\/366"}],"wp:attachment":[{"href":"http:\/\/www.sebcharlier.com\/index.php?rest_route=%2Fwp%2Fv2%2Fmedia&parent=188"}],"curies":[{"name":"wp","href":"https:\/\/api.w.org\/{rel}","templated":true}]}}